{"id":21,"date":"2014-03-23T18:56:15","date_gmt":"2014-03-23T17:56:15","guid":{"rendered":"http:\/\/livsode.junselebyar.se\/?page_id=21"},"modified":"2014-03-23T19:05:21","modified_gmt":"2014-03-23T18:05:21","slug":"mommas-blogg","status":"publish","type":"page","link":"https:\/\/livsode.junselebyar.se\/?page_id=21","title":{"rendered":"Mommas blogg"},"content":{"rendered":"<p>H\u00e4r skriver jag min dagbok om aktuella h\u00e4ndelser hemma i Holafors.<\/p>\n<p>Finns p\u00e5 denna adress; <a href=\"http:\/\/mommas.junselebyar.se\/wp\/\">http:\/\/mommas.junselebyar.se\/wp\/<\/a><\/p>\n<p>&nbsp;<\/p>\n","protected":false},"excerpt":{"rendered":"<p>H\u00e4r skriver jag min dagbok om aktuella h\u00e4ndelser hemma i Holafors. Finns p\u00e5 denna adress; http:\/\/mommas.junselebyar.se\/wp\/ &nbsp;<\/p>\n","protected":false},"author":1,"featured_media":0,"parent":0,"menu_order":1,"comment_status":"open","ping_status":"open","template":"","meta":{"footnotes":""},"class_list":["post-21","page","type-page","status-publish","hentry"],"_links":{"self":[{"href":"https:\/\/livsode.junselebyar.se\/index.php?rest_route=\/wp\/v2\/pages\/21","targetHints":{"allow":["GET"]}}],"collection":[{"href":"https:\/\/livsode.junselebyar.se\/index.php?rest_route=\/wp\/v2\/pages"}],"about":[{"href":"https:\/\/livsode.junselebyar.se\/index.php?rest_route=\/wp\/v2\/types\/page"}],"author":[{"embeddable":true,"href":"https:\/\/livsode.junselebyar.se\/index.php?rest_route=\/wp\/v2\/users\/1"}],"replies":[{"embeddable":true,"href":"https:\/\/livsode.junselebyar.se\/index.php?rest_route=%2Fwp%2Fv2%2Fcomments&post=21"}],"version-history":[{"count":1,"href":"https:\/\/livsode.junselebyar.se\/index.php?rest_route=\/wp\/v2\/pages\/21\/revisions"}],"predecessor-version":[{"id":22,"href":"https:\/\/livsode.junselebyar.se\/index.php?rest_route=\/wp\/v2\/pages\/21\/revisions\/22"}],"wp:attachment":[{"href":"https:\/\/livsode.junselebyar.se\/index.php?rest_route=%2Fwp%2Fv2%2Fmedia&parent=21"}],"curies":[{"name":"wp","href":"https:\/\/api.w.org\/{rel}","templated":true}]}}