{"id":25,"date":"2014-03-23T18:59:50","date_gmt":"2014-03-23T17:59:50","guid":{"rendered":"http:\/\/livsode.junselebyar.se\/?page_id=25"},"modified":"2014-03-23T19:04:46","modified_gmt":"2014-03-23T18:04:46","slug":"mental-traning","status":"publish","type":"page","link":"https:\/\/livsode.junselebyar.se\/?page_id=25","title":{"rendered":"Mental tr\u00e4ning"},"content":{"rendered":"<p>H\u00e4r min hemsida om mental tr\u00e4ning; <a href=\"http:\/\/mommas.vildavastra.se\/mentaltraining\/\">http:\/\/mommas.vildavastra.se\/mentaltraining\/<\/a><\/p>\n","protected":false},"excerpt":{"rendered":"<p>H\u00e4r min hemsida om mental tr\u00e4ning; http:\/\/mommas.vildavastra.se\/mentaltraining\/<\/p>\n","protected":false},"author":1,"featured_media":0,"parent":0,"menu_order":10,"comment_status":"open","ping_status":"open","template":"","meta":{"footnotes":""},"class_list":["post-25","page","type-page","status-publish","hentry"],"_links":{"self":[{"href":"https:\/\/livsode.junselebyar.se\/index.php?rest_route=\/wp\/v2\/pages\/25","targetHints":{"allow":["GET"]}}],"collection":[{"href":"https:\/\/livsode.junselebyar.se\/index.php?rest_route=\/wp\/v2\/pages"}],"about":[{"href":"https:\/\/livsode.junselebyar.se\/index.php?rest_route=\/wp\/v2\/types\/page"}],"author":[{"embeddable":true,"href":"https:\/\/livsode.junselebyar.se\/index.php?rest_route=\/wp\/v2\/users\/1"}],"replies":[{"embeddable":true,"href":"https:\/\/livsode.junselebyar.se\/index.php?rest_route=%2Fwp%2Fv2%2Fcomments&post=25"}],"version-history":[{"count":1,"href":"https:\/\/livsode.junselebyar.se\/index.php?rest_route=\/wp\/v2\/pages\/25\/revisions"}],"predecessor-version":[{"id":26,"href":"https:\/\/livsode.junselebyar.se\/index.php?rest_route=\/wp\/v2\/pages\/25\/revisions\/26"}],"wp:attachment":[{"href":"https:\/\/livsode.junselebyar.se\/index.php?rest_route=%2Fwp%2Fv2%2Fmedia&parent=25"}],"curies":[{"name":"wp","href":"https:\/\/api.w.org\/{rel}","templated":true}]}}